{"id":5,"date":"2012-07-11T21:36:21","date_gmt":"2012-07-11T21:36:21","guid":{"rendered":"https:\/\/gratkowski.com\/wordpress\/?page_id=5"},"modified":"2024-03-02T09:15:52","modified_gmt":"2024-03-02T08:15:52","slug":"biography","status":"publish","type":"page","link":"https:\/\/gratkowski.com\/de\/biography\/","title":{"rendered":"biografie"},"content":{"rendered":"<p><\/p>\n<div>\n<p>Frank Gratkowski, geboren 1963 in Hamburg, studierte an der K\u00f6lner Hochschule f\u00fcr Musik und Tanz. Seine instrumentellen Kompetenzen hat er auf fast das gesamte Spektrum der Holzblasinstrumente, einschlie\u00dflich Fl\u00f6ten, ausgedehnt. Er arbeitet intensiv an klanglichen Erweiterungen und Modifikationen seines Instrumentariums in Solo-Projekten und kleinen Formationen mit unorthodoxen, zum Teil selbst entwickelten Spieltechniken und mikrointervallischen Konzepten. Als Bandleader und Komponist bewegt er sich im weitr\u00e4umigen Kontext der zeitgen\u00f6ssischen improvisierten Musik; eine trennscharfe Unterscheidung zwischen Komposition und Improvisation gibt es bei ihm nicht.<\/p>\n<\/div>\n<div>\n<p>Schon w\u00e4hrend des Studiums arbeitete Gratkowski mit dem Posaunisten und Komponisten Klaus K\u00f6nig, in Georg Graewes Grubenklangorchester und der WDR Bigband. 1995 gr\u00fcndete er das Frank Gratkowski Trio mit Dieter Manderscheid, Bass, und Gerry Hemingway, Schlagzeug, zu dem 2000 der niederl\u00e4ndische Posaunist Wolter Wierbos kam. Seit 2001 besteht ein Trio mit Achim Kaufmann, Klavier, und Wilbert de Joode, Bass. Mit seinem ersten Soloprogramm war er Preistr\u00e4ger beim Wettbewerb \u201eMusik kreativ\u201c; als Solist hat er die bis dato dreiteilige CD-Reihe \u201eArtikulationen\u201c ver\u00f6ffentlicht (1991, 2000, 2023). 2008 entstand das experimentelle Saxofon-Quartett \u201eFo[u]r Alto\u201c. Er ist Mitbegr\u00fcnder des Multiple Joy[ce] Orchestra, f\u00fcr das er auch komponiert. In den letzten Jahren arbeitet er zunehmend mit Musiker*innen der j\u00fcngeren Generation zusammen, aktuell etwa in dem Quartett The Resonators.<\/p>\n<\/div>\n<div>\n<p>Gratkowski spielte als Solist, Bandleader oder Sideman auf den wichtigsten deutschen und zahlreichen internationalen Festivals. Unter anderem trat er mit einem Trio auf den Donaueschinger Musiktagen auf, hatte 2014 einen Kompositionsauftrag f\u00fcr das Ensemble Zeitkratzer, war 2021 Improviser in Residence beim \u00f6sterreichischen Neue Musik-Festival \u201eKlangspuren\u201c und arbeitete als Solist mit dem Orchester des Westdeutschen Rundfunks (WDR). Auf dem Festival November Music in Den Bosch und dem Huddersfield Contemporary Music Festival gastierter er mit dem Ensemble Apartment House, f\u00fcr das er eine Auftragskomposition schrieb. Nach seiner Arbeit \u201eMature Hybird Talking\u201c f\u00fcr das und mit dem Ensemble Modern 2022 arbeitete er 2023 mit dem Ensemble Musikfabrik.<\/p>\n<\/div>\n<div>\n<p>Unter eigenem Namen ver\u00f6ffentlichte Frank Gratkowski um die 50 CDs, als Sideman ist er an einer unbekannten Anzahl weiterer Produktionen beteiligt. 2005 erhielt er den renommierten Jazzpreis des S\u00fcdwestrundfunks (SWR).<\/p>\n<\/div>\n<div>\n<p>Frank Gratkowski lebt in Berlin. Er lehrte an Musikhochschulen in Arnheim, Hannover, Berlin und aktuell K\u00f6ln und kann auf ausgedehnte internationale Erfahrungen als Hochschullehrer und Workshop-Leiter zur\u00fcckblicken.<\/p>\n<\/div>\n<p><\/p>","protected":false},"excerpt":{"rendered":"<p>Frank Gratkowski, geboren 1963 in Hamburg, studierte an der K\u00f6lner Hochschule f\u00fcr Musik und Tanz. Seine instrumentellen Kompetenzen hat er auf fast das gesamte Spektrum der Holzblasinstrumente, einschlie\u00dflich Fl\u00f6ten, ausgedehnt. Er arbeitet intensiv an klanglichen Erweiterungen und Modifikationen seines Instrumentariums in Solo-Projekten und kleinen Formationen mit unorthodoxen, zum Teil selbst entwickelten Spieltechniken und mikrointervallischen Konzepten. [&hellip;]<\/p>\n","protected":false},"author":1,"featured_media":0,"parent":0,"menu_order":0,"comment_status":"open","ping_status":"open","template":"","meta":{"ngg_post_thumbnail":0},"acf":[],"_links":{"self":[{"href":"https:\/\/gratkowski.com\/de\/wp-json\/wp\/v2\/pages\/5"}],"collection":[{"href":"https:\/\/gratkowski.com\/de\/wp-json\/wp\/v2\/pages"}],"about":[{"href":"https:\/\/gratkowski.com\/de\/wp-json\/wp\/v2\/types\/page"}],"author":[{"embeddable":true,"href":"https:\/\/gratkowski.com\/de\/wp-json\/wp\/v2\/users\/1"}],"replies":[{"embeddable":true,"href":"https:\/\/gratkowski.com\/de\/wp-json\/wp\/v2\/comments?post=5"}],"version-history":[{"count":14,"href":"https:\/\/gratkowski.com\/de\/wp-json\/wp\/v2\/pages\/5\/revisions"}],"predecessor-version":[{"id":2096,"href":"https:\/\/gratkowski.com\/de\/wp-json\/wp\/v2\/pages\/5\/revisions\/2096"}],"wp:attachment":[{"href":"https:\/\/gratkowski.com\/de\/wp-json\/wp\/v2\/media?parent=5"}],"curies":[{"name":"wp","href":"https:\/\/api.w.org\/{rel}","templated":true}]}}