{"id":420,"date":"2012-08-14T17:09:06","date_gmt":"2012-08-14T17:09:06","guid":{"rendered":"https:\/\/gratkowski.com\/wordpress\/?page_id=420"},"modified":"2024-03-12T13:50:51","modified_gmt":"2024-03-12T12:50:51","slug":"artikulationen","status":"publish","type":"page","link":"https:\/\/gratkowski.com\/de\/projects\/artikulationen\/","title":{"rendered":"Artikulationen"},"content":{"rendered":"<p><\/p>\n<div title=\"Page 1\">\n<div>\n<div>\n<p>Solomusik f\u00fcr Altaxophon und Klarinetten<\/p>\n<\/div>\n<\/div>\n<\/div>\n<div title=\"Page 1\">\n<div>\n<div>\n<p>Frank Gratkowski gibt seit 1990 Solo-Konzerte. Mit seinem Soloprogramm war er 1991 Preistr\u00e4ger des Wettbewerbes &#8222;Musik Kreativ&#8220; und im gleichen Jahr erschien eine CD mit dem Titel &#8222;Artikulationen&#8220;.<\/p>\n<\/div>\n<\/div>\n<\/div>\n<div title=\"Page 1\">\n<div>\n<div>\n<p>Seitdem entwickelt er seine Soloarbeit kontinuierlich und konzertiert in unterschiedlichsten Situationen (Jazzfestivals, Neue Musik Festivals, Museen, Galerien, Clubs etc).<\/p>\n<\/div>\n<\/div>\n<\/div>\n<div title=\"Page 1\">\n<div>\n<div>\n<p>Die Musik wurde auf der Grundlage von Improvisation entwickelt und bedient sich hierbei unterschiedlichster Mittel. Formale Abl\u00e4ufe, Tonmaterial und Klangerzeugung werden strukturbildend eingesetzt, so dass jedes St\u00fcck einen spezifischen Charakter erh\u00e4lt.<\/p>\n<p>Ein entscheidender Bestandteil des Konzeptes ist die experimentelle Klangerforschung des Instrumentes.<\/p>\n<\/div>\n<\/div>\n<\/div>\n<div title=\"Page 1\">\n<div>\n<div>\n<p>Mit seiner Solomusik sucht Frank Gratkowski auch immer wieder die Begegnung bzw. Auseinandersetzung mit anderen Kunstformen wie Malerei, Bildhauerei, Tanz, Literatur , Film und Multimedialen Projekten.<\/p>\n<\/div>\n<\/div>\n<\/div>\n<div title=\"Page 1\">\n<div>\n<div>\n<p>Seit 1999 macht er mit &#8222;Artikulationen&#8220; j\u00e4hrlich ausgedehnte Konzertreisen in den USA und Kanada. 2008 war er mit Artikulationen zugast auf dem Moers Festival.<\/p>\n<\/div>\n<p>Siehe auch&nbsp;<a title=\"Artikulationen E\" href=\"https:\/\/gratkowski.com\/wordpress\/de\/projects\/artikulationen-e\/\">Artiulationen E<\/a> mit Live-Elektronik.<\/p>\n<\/div>\n<p>&nbsp;<\/p>\n<h3>Aktuelle Konzerte<\/h3>\n\t\t\t<table class=\"gigs\" cellpadding=\"0\" cellspacing=\"0\">\n\t\t    \n\t\t        <tr>\n\t\t\t\t\t<td><span class=\"date\">02.05.2026<\/span><\/td>\n\t\t\t\t\t<td colspan=\"2\"><span class=\"title\"><a href=\"https:\/\/gratkowski.com\/de\/projects\/artikulationen\/\">Artikulationen &#8211; solo music for woodwinds<\/a><\/span><\/td>\n\t\t\t\t<\/tr>\n\t\t\t\t<tr class=\"second\">\n\t\t\t\t\t<td><span class=\"time\">19:30<\/span><\/td>\n\t\t\t\t\t<td><div class=\"details\"><p>&#8222;Blow the Mausoleum&#8220;&nbsp;<\/p>\n<\/div><\/td>\n\t\t\t\t\t<td class=\"where\">\n\t\t\t\t\t\t<a href=\"https:\/\/flaemingmusik.wordpress.com\">Mausoleum im Tierpark<\/a><\/span>\n\t\t\t\t\t\tQuerallee 8,  Dessau-Ro\u00dflau, DE\t\t\t\t\t<\/td>\n\t\t\t\t<\/tr>\n\n\t\t        \t\t  <\/table>\n\t\t\n<p>&nbsp;<\/p>\n<h3>CDs<\/h3>\n<p><a title=\"Frank Gratkowski \u201cArtikulationen\u201d\" href=\"https:\/\/gratkowski.com\/wordpress\/recordings\/frank-gratkowski-artikulationen\/\">Artikulationen<\/a>&nbsp;1991 (2nd Floor Edition)<br \/>\n<a title=\"Artikulationen II\" href=\"https:\/\/gratkowski.com\/wordpress\/recordings\/artikulationen-ii\/\">Artikulationen II<\/a>&nbsp;2002 (2nd Floor Edition)<br \/>\n<a href=\"https:\/\/gratkowski.com\/wordpress\/recordings\/frank-gratkowski-artikulationen-iii\/\">Artikulationen III<\/a> 2023 <a href=\"https:\/\/improdimensija.bandcamp.com\">(Improdimensija Records)<\/a><\/p>\n<p>&nbsp;<\/p>\n<h3>Musik<\/h3>\n<p>30 min. eines Konzertes in &#8222;<a href=\"http:\/\/www.studioloos.com\/\">studio loos<\/a>&#8220; den haag, NL in 2009<br \/>\n<a title=\"Artikulationen III\" href=\"https:\/\/gratkowski.com\/wordpress\/mp3\/Artikulationen_III_DenHaag.mp3\">Artikulationen III<\/a><\/p>\n<p>&nbsp;<\/p>\n<h3>Video<\/h3>\n<p><iframe loading=\"lazy\" title=\"Frank Gratkowski Artikulationen (Solo Sax in Vilnius 2024)\" width=\"500\" height=\"281\" src=\"https:\/\/www.youtube.com\/embed\/eL9ql9lf6E8?feature=oembed\" frameborder=\"0\" allow=\"accelerometer; autoplay; clipboard-write; encrypted-media; gyroscope; picture-in-picture; web-share\" allowfullscreen><\/iframe><\/p>\n<p>Altsaxophon Solo in Vilnius, Litauen am 7. Februar 2024<\/p>\n<p><iframe loading=\"lazy\" src=\"https:\/\/www.youtube.com\/embed\/edbyEm6RHGw?rel=0\" width=\"315\" height=\"560\" frameborder=\"0\" allowfullscreen=\"allowfullscreen\"><\/iframe><br \/>\nAltsaxophon Solo @ Spectrum NYC March 8th 2013<\/p>\n<p><iframe loading=\"lazy\" src=\"https:\/\/www.youtube.com\/embed\/FL9dV2HQ0g4?rel=0\" width=\"560\" height=\"315\" frameborder=\"0\" allowfullscreen=\"allowfullscreen\"><\/iframe><br \/>\nBassklarinette Solo @ I-Beam NYC Dec. 8th 2014<\/p>\n<\/div>\n<p><\/p>","protected":false},"excerpt":{"rendered":"<p>Solomusik f\u00fcr Altaxophon und Klarinetten Frank Gratkowski gibt seit 1990 Solo-Konzerte. Mit seinem Soloprogramm war er 1991 Preistr\u00e4ger des Wettbewerbes &#8222;Musik Kreativ&#8220; und im gleichen Jahr erschien eine CD mit dem Titel &#8222;Artikulationen&#8220;. Seitdem entwickelt er seine Soloarbeit kontinuierlich und konzertiert in unterschiedlichsten Situationen (Jazzfestivals, Neue Musik Festivals, Museen, Galerien, Clubs etc). Die Musik wurde [&hellip;]<\/p>\n","protected":false},"author":1,"featured_media":0,"parent":20,"menu_order":0,"comment_status":"open","ping_status":"open","template":"","meta":{"ngg_post_thumbnail":0},"acf":[],"_links":{"self":[{"href":"https:\/\/gratkowski.com\/de\/wp-json\/wp\/v2\/pages\/420"}],"collection":[{"href":"https:\/\/gratkowski.com\/de\/wp-json\/wp\/v2\/pages"}],"about":[{"href":"https:\/\/gratkowski.com\/de\/wp-json\/wp\/v2\/types\/page"}],"author":[{"embeddable":true,"href":"https:\/\/gratkowski.com\/de\/wp-json\/wp\/v2\/users\/1"}],"replies":[{"embeddable":true,"href":"https:\/\/gratkowski.com\/de\/wp-json\/wp\/v2\/comments?post=420"}],"version-history":[{"count":39,"href":"https:\/\/gratkowski.com\/de\/wp-json\/wp\/v2\/pages\/420\/revisions"}],"predecessor-version":[{"id":2112,"href":"https:\/\/gratkowski.com\/de\/wp-json\/wp\/v2\/pages\/420\/revisions\/2112"}],"up":[{"embeddable":true,"href":"https:\/\/gratkowski.com\/de\/wp-json\/wp\/v2\/pages\/20"}],"wp:attachment":[{"href":"https:\/\/gratkowski.com\/de\/wp-json\/wp\/v2\/media?parent=420"}],"curies":[{"name":"wp","href":"https:\/\/api.w.org\/{rel}","templated":true}]}}