{"id":34,"date":"2012-07-16T17:00:35","date_gmt":"2012-07-16T17:00:35","guid":{"rendered":"https:\/\/gratkowski.com\/wordpress\/?page_id=34"},"modified":"2019-05-15T12:43:36","modified_gmt":"2019-05-15T10:43:36","slug":"press-kit","status":"publish","type":"page","link":"https:\/\/gratkowski.com\/de\/press-kit\/","title":{"rendered":"presseinfos"},"content":{"rendered":"<p><\/p>\n<h3>Infos zum Download<\/h3>\n<p>Biografie:&nbsp;<a href=\"https:\/\/gratkowski.com\/wordpress\/wp-content\/uploads\/2012\/07\/biography_d.pdf\">pdf<\/a>&nbsp;\/&nbsp;<a href=\"https:\/\/gratkowski.com\/wordpress\/wp-content\/uploads\/2012\/07\/biography_d.doc\">doc<\/a><br \/>\nPressezitate (Englisch):&nbsp;<a href=\"https:\/\/gratkowski.com\/wordpress\/wp-content\/uploads\/2012\/07\/QUOTES.pdf\">pdf<\/a>&nbsp;\/&nbsp;<a href=\"https:\/\/gratkowski.com\/wordpress\/wp-content\/uploads\/2012\/07\/QUOTES.doc\">doc<\/a><br \/>\nGratkowski Quartett:&nbsp;<a href=\"https:\/\/gratkowski.com\/wordpress\/wp-content\/uploads\/2012\/07\/quartet_d.pdf\">pdf<\/a>&nbsp;\/&nbsp;<a href=\"https:\/\/gratkowski.com\/wordpress\/wp-content\/uploads\/2012\/07\/quartet_d.doc\">doc<\/a><br \/>\nArtikulationen (solo):&nbsp;<a href=\"https:\/\/gratkowski.com\/wordpress\/wp-content\/uploads\/2012\/07\/info_solo_d.pdf\">pdf<\/a>&nbsp;\/&nbsp;<a href=\"https:\/\/gratkowski.com\/wordpress\/wp-content\/uploads\/2012\/07\/info_solo_d.doc\">doc<\/a><\/p>\n<p>Bald kommt mehr. Bis dahin bitte eine Email schicken, falls ein spezifischer Text ben\u00f6tigt wird.<\/p>\n<h3>Weitere Projekte<\/h3>\n<p><a href=\"https:\/\/gratkowski.com\/wordpress\/projects\/z-country-paradise\/\">Z-Country Paradise<\/a><br \/>\n<a href=\"https:\/\/gratkowski.com\/wordpress\/projects\/gratkowski-tramontana-instant-songs\/\">Gratkowski Tramontana<\/a><br \/>\n<a href=\"https:\/\/gratkowski.com\/wordpress\/projects\/gratkowski-brown-winant\/\">Gratkowski-Brown-Winant<\/a><\/p>\n<h3>Pressefotos<\/h3>\nngg_shortcode_0_placeholder\n<p>Zum herunterladen auf das entsprechende Bild klicken und in der gro\u00dfen Ansicht unter dem Bild auf &#8222;download&#8220; klicken. Falls in der gro\u00dfen Ansicht ein(e) Fotograf(in) genannt wird, diesen bitte bei Verwendung des Bildes erw\u00e4hnen. Die Gr\u00f6\u00dfe des Bildes ist ebenfalls in der gro\u00dfen Ansicht unten ersichtlich.<\/p>\n<h3>Pressefotos von Werner Siebert<\/h3>\n<p>ngg_shortcode_1_placeholder<\/p>","protected":false},"excerpt":{"rendered":"<p>Infos zum Download Biografie:&nbsp;pdf&nbsp;\/&nbsp;doc Pressezitate (Englisch):&nbsp;pdf&nbsp;\/&nbsp;doc Gratkowski Quartett:&nbsp;pdf&nbsp;\/&nbsp;doc Artikulationen (solo):&nbsp;pdf&nbsp;\/&nbsp;doc Bald kommt mehr. Bis dahin bitte eine Email schicken, falls ein spezifischer Text ben\u00f6tigt wird. Weitere Projekte Z-Country Paradise Gratkowski Tramontana Gratkowski-Brown-Winant Pressefotos Zum herunterladen auf das entsprechende Bild klicken und in der gro\u00dfen Ansicht unter dem Bild auf &#8222;download&#8220; klicken. Falls in der gro\u00dfen [&hellip;]<\/p>\n","protected":false},"author":1,"featured_media":0,"parent":0,"menu_order":0,"comment_status":"open","ping_status":"open","template":"","meta":{"ngg_post_thumbnail":0},"acf":[],"_links":{"self":[{"href":"https:\/\/gratkowski.com\/de\/wp-json\/wp\/v2\/pages\/34"}],"collection":[{"href":"https:\/\/gratkowski.com\/de\/wp-json\/wp\/v2\/pages"}],"about":[{"href":"https:\/\/gratkowski.com\/de\/wp-json\/wp\/v2\/types\/page"}],"author":[{"embeddable":true,"href":"https:\/\/gratkowski.com\/de\/wp-json\/wp\/v2\/users\/1"}],"replies":[{"embeddable":true,"href":"https:\/\/gratkowski.com\/de\/wp-json\/wp\/v2\/comments?post=34"}],"version-history":[{"count":31,"href":"https:\/\/gratkowski.com\/de\/wp-json\/wp\/v2\/pages\/34\/revisions"}],"predecessor-version":[{"id":1204,"href":"https:\/\/gratkowski.com\/de\/wp-json\/wp\/v2\/pages\/34\/revisions\/1204"}],"wp:attachment":[{"href":"https:\/\/gratkowski.com\/de\/wp-json\/wp\/v2\/media?parent=34"}],"curies":[{"name":"wp","href":"https:\/\/api.w.org\/{rel}","templated":true}]}}