{"id":329,"date":"2012-08-02T18:30:52","date_gmt":"2012-08-02T18:30:52","guid":{"rendered":"https:\/\/gratkowski.com\/wordpress\/?page_id=329"},"modified":"2025-10-20T22:10:06","modified_gmt":"2025-10-20T20:10:06","slug":"gratkowski-tramontana-instant-songs","status":"publish","type":"page","link":"https:\/\/gratkowski.com\/de\/projects\/gratkowski-tramontana-instant-songs\/","title":{"rendered":"Gratkowski \/ Tramontana &#8222;Instant Songs&#8220;"},"content":{"rendered":"<p><strong>Frank Gratkowski<\/strong> (D) as, cl, bcl, cbcl<br \/>\n<strong><a href=\"http:\/\/www.efi.group.shef.ac.uk\/musician\/mtramon.html\" target=\"_blank\" rel=\"noopener noreferrer\">Sebi Tramontana<\/a><\/strong>&nbsp;( I ) trombone<\/p>\n<p>&#8222;Instant Songs&#8220; beschreibt wohl am besten die Musik welche Sebastiano Tramontana und Frank Gratkowski in ihrem Duo spontan entstehen lassen. Ihre Improvisationen wirken oft wie kleine komponierte Lieder und zeichnen sich durch eine klare Struktur aus. Einige haben wundersch\u00f6ne Melodien andere beinhalten selbst die Stimmen der Spieler oder benutzen erweiterte Spieltechniken wie Mehrkl\u00e4nge oder Ger\u00e4uschhaftes. Einige sind sehr romantisch andere wiederum sehr abstrakt. Aber letztendlich geht es immer um den musikalischen Dialog mit einer erz\u00e4hlerischen Qualit\u00e4t, um spontane Lieder. Was Tramontana und Gratkowski an ihrem Duo besonders m\u00f6gen ist, dass die Musik sich sehr von ihren weiteren Projekten unterscheidet.<br \/>\n&nbsp;<\/p>\n<h3>Aktuelle Konzerte:<\/h3>\n<p>Im Moment keine Konzerte angek\u00fcndigt.<br \/>\n&nbsp;<\/p>\n<h3>CD:&nbsp;<a href=\"https:\/\/gratkowski.bandcamp.com\/album\/live-at-panski-borci\" target=\"_blank\" rel=\"noopener\">Live at Spanski Borci<\/a><\/h3>\n<h3>pressefotos<\/h3>\n<p>ngg_shortcode_0_placeholder<\/p>","protected":false},"excerpt":{"rendered":"<p>Frank Gratkowski (D) as, cl, bcl, cbcl Sebi Tramontana&nbsp;( I ) trombone &#8222;Instant Songs&#8220; beschreibt wohl am besten die Musik welche Sebastiano Tramontana und Frank Gratkowski in ihrem Duo spontan entstehen lassen. Ihre Improvisationen wirken oft wie kleine komponierte Lieder und zeichnen sich durch eine klare Struktur aus. Einige haben wundersch\u00f6ne Melodien andere beinhalten selbst [&hellip;]<\/p>\n","protected":false},"author":1,"featured_media":0,"parent":20,"menu_order":0,"comment_status":"open","ping_status":"open","template":"","meta":{"ngg_post_thumbnail":0},"acf":[],"_links":{"self":[{"href":"https:\/\/gratkowski.com\/de\/wp-json\/wp\/v2\/pages\/329"}],"collection":[{"href":"https:\/\/gratkowski.com\/de\/wp-json\/wp\/v2\/pages"}],"about":[{"href":"https:\/\/gratkowski.com\/de\/wp-json\/wp\/v2\/types\/page"}],"author":[{"embeddable":true,"href":"https:\/\/gratkowski.com\/de\/wp-json\/wp\/v2\/users\/1"}],"replies":[{"embeddable":true,"href":"https:\/\/gratkowski.com\/de\/wp-json\/wp\/v2\/comments?post=329"}],"version-history":[{"count":30,"href":"https:\/\/gratkowski.com\/de\/wp-json\/wp\/v2\/pages\/329\/revisions"}],"predecessor-version":[{"id":9680,"href":"https:\/\/gratkowski.com\/de\/wp-json\/wp\/v2\/pages\/329\/revisions\/9680"}],"up":[{"embeddable":true,"href":"https:\/\/gratkowski.com\/de\/wp-json\/wp\/v2\/pages\/20"}],"wp:attachment":[{"href":"https:\/\/gratkowski.com\/de\/wp-json\/wp\/v2\/media?parent=329"}],"curies":[{"name":"wp","href":"https:\/\/api.w.org\/{rel}","templated":true}]}}