{"id":277,"date":"2012-08-02T13:56:34","date_gmt":"2012-08-02T13:56:34","guid":{"rendered":"https:\/\/gratkowski.com\/wordpress\/?page_id=277"},"modified":"2020-06-08T14:47:05","modified_gmt":"2020-06-08T12:47:05","slug":"artikulationen-e","status":"publish","type":"page","link":"https:\/\/gratkowski.com\/de\/projects\/artikulationen-e\/","title":{"rendered":"Artikulationen E"},"content":{"rendered":"<p>Artikulationen E f\u00fcr Altsaxophon mit Live Elektronik.<\/p>\n<p>Nachdem ich \u00fcber viele Jahre selbstgeschriebene Programme als Kompositionshilfen benutzt habe, habe ich angefangen mich intensiv mit dem Thema Live-Elektronik auseinander zu setzten. Der Beginn war ein 6w\u00f6chiger Aufenthalt am &nbsp;<a title=\"CNMAT | The Center for New Music and Audio Technologies\" href=\"http:\/\/cnmat.berkeley.edu\/\" target=\"_blank\" rel=\"noopener noreferrer\">CNMAT<\/a>&nbsp;in Berkeley, Kalifornien, USA, mit Hilfe eines Stipendiums vom <a title=\"Deutsch lernen, Kultur erleben&nbsp;-&nbsp;Goethe-Institut&nbsp;\" href=\"http:\/\/www.goethe.de\/\" target=\"_blank\" rel=\"noopener noreferrer\">Goethe-Institut<\/a> in 2010. Ein weiterer Aufenthalt folgte in 2011. Dort habe ich Controller f\u00fcr Saxophon entwickelt und gebaut, welche sich w\u00e4hrend des Spielens bedienen lassen, sowie das &#8222;Instrument&#8220; mit MaxMSP programmiert.<\/p>\n<p>Der Spieler bewegt sich frei im Raum. Am Instrument ist ein eigens zu diesem Zweck entwickelter Controller angebracht, \u00fcber den der Spieler die Live Elektronik kontrollieren kann. Es gibt keine vorher eingespielten Kl\u00e4nge, die Elektronik wird ausschlie\u00dflich aus live gespieltem Altsaxophon und Bassklarinette generiert und \u00fcber 8 Lautsprecher in den Raum projiziert.<\/p>\n<p>&nbsp;<\/p>\n<h3>Konzerte<\/h3>\nIm Moment keine Konzerte angek\u00fcndigt.\n<p>&nbsp;<\/p>\n<h3>Music<\/h3>\n<p>30 Minuten eines Konzertes @ &#8222;freistunde&#8220; Wien am 28. Juni 2012<br \/>\n<a title=\"Artikulationen-e-Vienna-June-2012\" href=\"https:\/\/gratkowski.com\/wordpress\/mp3\/120628_Freistunde_pt2.mp3\">Artikulationen-e<\/a><\/p>\n<h3>Video<\/h3>\n<p><iframe loading=\"lazy\" src=\"http:\/\/www.youtube.com\/embed\/Tk9ZNwOsvG4?rel=0\" width=\"560\" height=\"315\" frameborder=\"0\"><\/iframe><br \/>\nAuschnitt einer Performance im Essl Museum in Klosterneuburg bei Wien am 14. M\u00e4rz 2012. (leider wurde nur der erste Teil aufgezeichet)<br \/>\n&nbsp;&nbsp;&nbsp;<\/p>\n<p><iframe loading=\"lazy\" src=\"https:\/\/www.youtube.com\/embed\/5q53650sMmM\" width=\"560\" height=\"315\" frameborder=\"0\" allowfullscreen=\"allowfullscreen\"><\/iframe><br \/>\nAusschnitt aus dem &#8222;Maschienenhaus&#8220; Berlin-Obersch\u00f6neweide am 10. Juni 2014<\/p>","protected":false},"excerpt":{"rendered":"<p>Artikulationen E f\u00fcr Altsaxophon mit Live Elektronik. Nachdem ich \u00fcber viele Jahre selbstgeschriebene Programme als Kompositionshilfen benutzt habe, habe ich angefangen mich intensiv mit dem Thema Live-Elektronik auseinander zu setzten. Der Beginn war ein 6w\u00f6chiger Aufenthalt am &nbsp;CNMAT&nbsp;in Berkeley, Kalifornien, USA, mit Hilfe eines Stipendiums vom Goethe-Institut in 2010. Ein weiterer Aufenthalt folgte in 2011. [&hellip;]<\/p>\n","protected":false},"author":1,"featured_media":0,"parent":20,"menu_order":0,"comment_status":"closed","ping_status":"closed","template":"","meta":{"ngg_post_thumbnail":0},"acf":[],"_links":{"self":[{"href":"https:\/\/gratkowski.com\/de\/wp-json\/wp\/v2\/pages\/277"}],"collection":[{"href":"https:\/\/gratkowski.com\/de\/wp-json\/wp\/v2\/pages"}],"about":[{"href":"https:\/\/gratkowski.com\/de\/wp-json\/wp\/v2\/types\/page"}],"author":[{"embeddable":true,"href":"https:\/\/gratkowski.com\/de\/wp-json\/wp\/v2\/users\/1"}],"replies":[{"embeddable":true,"href":"https:\/\/gratkowski.com\/de\/wp-json\/wp\/v2\/comments?post=277"}],"version-history":[{"count":35,"href":"https:\/\/gratkowski.com\/de\/wp-json\/wp\/v2\/pages\/277\/revisions"}],"predecessor-version":[{"id":1407,"href":"https:\/\/gratkowski.com\/de\/wp-json\/wp\/v2\/pages\/277\/revisions\/1407"}],"up":[{"embeddable":true,"href":"https:\/\/gratkowski.com\/de\/wp-json\/wp\/v2\/pages\/20"}],"wp:attachment":[{"href":"https:\/\/gratkowski.com\/de\/wp-json\/wp\/v2\/media?parent=277"}],"curies":[{"name":"wp","href":"https:\/\/api.w.org\/{rel}","templated":true}]}}