{"id":2287,"date":"2024-10-02T12:59:52","date_gmt":"2024-10-02T10:59:52","guid":{"rendered":"https:\/\/gratkowski.com\/?page_id=2287"},"modified":"2024-10-02T13:08:11","modified_gmt":"2024-10-02T11:08:11","slug":"gratkowksi-nabatov-duo","status":"publish","type":"page","link":"https:\/\/gratkowski.com\/de\/projects\/gratkowksi-nabatov-duo\/","title":{"rendered":"Gratkowksi \/ Nabatov Duo"},"content":{"rendered":"<p>Simon Nabatov \u2013 Piano<br \/>\nFrank Gratkowski \u2013 Klarinetten, Fl\u00f6ten und Altsaxophon<\/p>\n<p>Die Zusammenarbeit zwischen Simon Nabatov und Frank Gratkowski geht zur\u00fcck bis in die sp\u00e4ten 80ziger Jahre, kurz nachdem Nabatov von New York nach K\u00f6ln \u00fcbersiedelte. Seitdem spielen sie immer wieder in verschiedensten Formationen zusammen. Beide Musiker geh\u00f6ren zu den wichtigsten Vertretern der deutschen Jazzszene und sie sind beide auch als Interpreten zeitgen\u00f6ssischen Kammermusik, sowie als Komponisten aktiv. Ihre Musikalischen Aktivit\u00e4ten erstrecken sich weltweit von Solokonzerten bis hin zum Gastsolisten in gro\u00dfen Orchestern. Honoriert wurde ihre k\u00fcnstlerische T\u00e4tigkeit durch diverse Auszeichnungen. So erhielt Nabatov beispielweise den &#8222;National Endowment for the Arts&#8220; und Gratkowski den &#8222;SWR Jazzpreis&#8220;. Jeder hat \u00fcber 50 CDs unter eigenen Namen ver\u00f6ffentlicht und ist auf unz\u00e4hligen weiteren Produktionen vertreten. Simon Nabatov lebt in K\u00f6ln, Gratkowski lebt in Berlin.<\/p>\n<h3>&nbsp;<\/h3>\n<h3>Duo CDs<\/h3>\n<p>&#8222;Mirthful Myths&#8220; 2017 (Leo Records)<br \/>\n&#8222;Tender Mercies&#8220; 2023 (Clean Feed)<\/p>\n<h3>&nbsp;<\/h3>\n<h3>Quotes<\/h3>\n<p>&#8222;A wonderfully lyrical, yet full of amazing joy atmospheric duo of the two Masters, who know each other like bald horses, as we say in Polish.&#8220; (Maciej Lewenstein)<\/p>\n<p>&#8222;Frank Gratkowski \/ Simon Nabatov \u201cTender Mercies\u201d Duo of masters, \u201cTender Mercies\u201d is a showcase of modern craft European jazz by any means. The music is plastic and exploratory but yet concrete and backgrounded by the hours of shared music between Simon Nabatov and Frank Gratkowski&#8220; (Avant Music News January 2023)<\/p>\n<p>&#8222;Whether you call Tender Mercies &#8220;classical\/contemporary&#8220;, &#8220;improvised music\/jazz&#8220; or choose any other generic labelling to blithely fandango about, matters not one jot if you get the duo&#8217;s essential drift.&#8220; (Stephen Graham)<\/p>\n<h3>&nbsp;<\/h3>\n<h3>upcoming concerts<\/h3>\n<p>&nbsp;<\/p>\n<p>Im Moment keine Konzerte angek\u00fcndigt.<\/p>","protected":false},"excerpt":{"rendered":"<p>Simon Nabatov \u2013 Piano Frank Gratkowski \u2013 Klarinetten, Fl\u00f6ten und Altsaxophon Die Zusammenarbeit zwischen Simon Nabatov und Frank Gratkowski geht zur\u00fcck bis in die sp\u00e4ten 80ziger Jahre, kurz nachdem Nabatov von New York nach K\u00f6ln \u00fcbersiedelte. Seitdem spielen sie immer wieder in verschiedensten Formationen zusammen. Beide Musiker geh\u00f6ren zu den wichtigsten Vertretern der deutschen Jazzszene [&hellip;]<\/p>\n","protected":false},"author":1,"featured_media":0,"parent":20,"menu_order":0,"comment_status":"closed","ping_status":"closed","template":"","meta":{"ngg_post_thumbnail":0},"acf":[],"_links":{"self":[{"href":"https:\/\/gratkowski.com\/de\/wp-json\/wp\/v2\/pages\/2287"}],"collection":[{"href":"https:\/\/gratkowski.com\/de\/wp-json\/wp\/v2\/pages"}],"about":[{"href":"https:\/\/gratkowski.com\/de\/wp-json\/wp\/v2\/types\/page"}],"author":[{"embeddable":true,"href":"https:\/\/gratkowski.com\/de\/wp-json\/wp\/v2\/users\/1"}],"replies":[{"embeddable":true,"href":"https:\/\/gratkowski.com\/de\/wp-json\/wp\/v2\/comments?post=2287"}],"version-history":[{"count":10,"href":"https:\/\/gratkowski.com\/de\/wp-json\/wp\/v2\/pages\/2287\/revisions"}],"predecessor-version":[{"id":2299,"href":"https:\/\/gratkowski.com\/de\/wp-json\/wp\/v2\/pages\/2287\/revisions\/2299"}],"up":[{"embeddable":true,"href":"https:\/\/gratkowski.com\/de\/wp-json\/wp\/v2\/pages\/20"}],"wp:attachment":[{"href":"https:\/\/gratkowski.com\/de\/wp-json\/wp\/v2\/media?parent=2287"}],"curies":[{"name":"wp","href":"https:\/\/api.w.org\/{rel}","templated":true}]}}