{"id":2045,"date":"2024-02-26T10:20:54","date_gmt":"2024-02-26T09:20:54","guid":{"rendered":"https:\/\/gratkowski.com\/wordpress\/?page_id=2045"},"modified":"2025-12-17T16:01:35","modified_gmt":"2025-12-17T15:01:35","slug":"in-cahoots-feat-ingrid-laubrock","status":"publish","type":"page","link":"https:\/\/gratkowski.com\/de\/projects\/in-cahoots-feat-ingrid-laubrock\/","title":{"rendered":"In Cahoots feat. Ingrid Laubrock"},"content":{"rendered":"<p>Frank Gratkowski \u2013 woodwinds and composition<br \/>\nIngrid Laubrock \u2013 tenor and soprano saxophone<br \/>\nPhilip Zoubek \u2013 piano, synthesizer<br \/>\nRobert Landfermann \u2013 bass<br \/>\nDominik Mahnig \u2013 drums<\/p>\n<p>Das Quartett Gratkowski-Zoubek-Landfermann-Mahnig spielte gr\u00fcndete sich 2016 und spielte seitdem frei improvisierte Musik. 2020 ver\u00f6ffentlichte sie Band die CD &#8222;Torbid Daylight&#8220;. Nun spielt die Formation unter dem Namen &#8222;In Cahoots&#8220; Kompositionen von Frank Gratkowski und wird regelm\u00e4\u00dfig durch die wunderbare, in NYC lebende Saxophonistin, Ingrid Laubrock zum Quintett erweitert. Das Quintett hatte sein Debut 2023 in Darmstadt.<\/p>\n<p>&#8222;Beneath the subatomic particle level, there are fibers that vibrate at different intensities. Different frequencies. Like violin strings. The physicists say that the particles we are able to see are the notes of the strings vibrating beneath them. If string theory is correct, then music is not only the way our brains work, as the neuroscientists have shown, but also, it is what we are made of, what everything is made of. These are the stakes musicians are playing for.&#8220;<br \/>\nT-Bone Burnett<\/p>\n<p><img decoding=\"async\" loading=\"lazy\" class=\"size-medium wp-image-2051\" style=\"margin: 0 0;\" src=\"https:\/\/gratkowski.com\/wordpress\/wp-content\/uploads\/2024\/02\/In-Cahoots-Foto-by-Roberto-Candotti-232x300.jpg\" alt=\"\" width=\"464\" height=\"600\" srcset=\"https:\/\/gratkowski.com\/wordpress\/wp-content\/uploads\/2024\/02\/In-Cahoots-Foto-by-Roberto-Candotti-232x300.jpg 232w, https:\/\/gratkowski.com\/wordpress\/wp-content\/uploads\/2024\/02\/In-Cahoots-Foto-by-Roberto-Candotti-792x1024.jpg 792w, https:\/\/gratkowski.com\/wordpress\/wp-content\/uploads\/2024\/02\/In-Cahoots-Foto-by-Roberto-Candotti-768x993.jpg 768w, https:\/\/gratkowski.com\/wordpress\/wp-content\/uploads\/2024\/02\/In-Cahoots-Foto-by-Roberto-Candotti-1188x1536.jpg 1188w, https:\/\/gratkowski.com\/wordpress\/wp-content\/uploads\/2024\/02\/In-Cahoots-Foto-by-Roberto-Candotti-1583x2048.jpg 1583w, https:\/\/gratkowski.com\/wordpress\/wp-content\/uploads\/2024\/02\/In-Cahoots-Foto-by-Roberto-Candotti-scaled.jpg 1979w\" sizes=\"(max-width: 464px) 100vw, 464px\" \/><\/p>\n<h3>&nbsp;<\/h3>\n<h3>Konzerte<\/h3>\n<p>&nbsp;<\/p>\n\t\t\t<table class=\"gigs\" cellpadding=\"0\" cellspacing=\"0\">\n\t\t    \n\t\t        <tr>\n\t\t\t\t\t<td><span class=\"date\">10.07.2026<\/span><\/td>\n\t\t\t\t\t<td colspan=\"2\"><span class=\"title\"><a href=\"https:\/\/gratkowski.com\/de\/projects\/in-cahoots-feat-ingrid-laubrock\/\">In Cahoots feat. Ingrid Laubrock<\/a><\/span><\/td>\n\t\t\t\t<\/tr>\n\t\t\t\t<tr class=\"second\">\n\t\t\t\t\t<td><span class=\"time\">20:30<\/span><\/td>\n\t\t\t\t\t<td><div class=\"details\"><p>Ingrid Laubrock &#8211; soprano and tenor saxophone&nbsp;<br \/>\nFrank Gratkowski &#8211; alto saxophone, bass clarinet, flute, composition&nbsp;<br \/>\nPhilip Zoubek &#8211; piano, synthesiser&nbsp;<br \/>\nReza Askari &#8211; double bass<br \/>\nDominik Mahnig &#8211; drums<\/p>\n<\/div><\/td>\n\t\t\t\t\t<td class=\"where\">\n\t\t\t\t\t\t<a href=\"https:\/\/elbjazz.de\">Elbjazz Festiaval<\/a><\/span>\n\t\t\t\t\t\tHermann-Blohm-Str. 3,  20457 Hamburg, DE\t\t\t\t\t<\/td>\n\t\t\t\t<\/tr>\n\n\t\t        \n\t\t        <tr>\n\t\t\t\t\t<td><span class=\"date\">03.10.2026<\/span><\/td>\n\t\t\t\t\t<td colspan=\"2\"><span class=\"title\"><a href=\"https:\/\/gratkowski.com\/de\/projects\/in-cahoots-feat-ingrid-laubrock\/\">In Cahoots feat. Ingrid Laubrock<\/a><\/span><\/td>\n\t\t\t\t<\/tr>\n\t\t\t\t<tr class=\"second\">\n\t\t\t\t\t<td><span class=\"time\"><\/span><\/td>\n\t\t\t\t\t<td><div class=\"details\"><\/div><\/td>\n\t\t\t\t\t<td class=\"where\">\n\t\t\t\t\t\tTBA<\/span>\n\t\t\t\t\t\t Wiesbaden, DE\t\t\t\t\t<\/td>\n\t\t\t\t<\/tr>\n\n\t\t        \n\t\t        <tr>\n\t\t\t\t\t<td><span class=\"date\">05.10.2026<\/span><\/td>\n\t\t\t\t\t<td colspan=\"2\"><span class=\"title\"><a href=\"https:\/\/gratkowski.com\/de\/projects\/in-cahoots-feat-ingrid-laubrock\/\">In Cahoots feat. Ingrid Laubrock<\/a><\/span><\/td>\n\t\t\t\t<\/tr>\n\t\t\t\t<tr class=\"second\">\n\t\t\t\t\t<td><span class=\"time\">20:30<\/span><\/td>\n\t\t\t\t\t<td><div class=\"details\"><\/div><\/td>\n\t\t\t\t\t<td class=\"where\">\n\t\t\t\t\t\t<a href=\"https:\/\/porgy.at\/events\/12777\/\">Porgy &amp; Bess<\/a><\/span>\n\t\t\t\t\t\tRiemergasse 11,  A-101 Wien, Austria\t\t\t\t\t<\/td>\n\t\t\t\t<\/tr>\n\n\t\t        \n\t\t        <tr>\n\t\t\t\t\t<td><span class=\"date\">06.10.2026<\/span><\/td>\n\t\t\t\t\t<td colspan=\"2\"><span class=\"title\"><a href=\"https:\/\/gratkowski.com\/de\/projects\/in-cahoots-feat-ingrid-laubrock\/\">In Cahoots feat. Ingrid Laubrock<\/a><\/span><\/td>\n\t\t\t\t<\/tr>\n\t\t\t\t<tr class=\"second\">\n\t\t\t\t\t<td><span class=\"time\">20:00<\/span><\/td>\n\t\t\t\t\t<td><div class=\"details\"><\/div><\/td>\n\t\t\t\t\t<td class=\"where\">\n\t\t\t\t\t\t<a href=\"https:\/\/openmusic.at\/programm\">tube\u00b4s<\/a><\/span>\n\t\t\t\t\t\tGrieskai 74a,  8020 Graz, Austria\t\t\t\t\t<\/td>\n\t\t\t\t<\/tr>\n\n\t\t        \n\t\t        <tr>\n\t\t\t\t\t<td><span class=\"date\">07.10.2026<\/span><\/td>\n\t\t\t\t\t<td colspan=\"2\"><span class=\"title\"><a href=\"https:\/\/gratkowski.com\/de\/projects\/in-cahoots-feat-ingrid-laubrock\/\">In Cahoots feat. Ingrid Laubrock<\/a><\/span><\/td>\n\t\t\t\t<\/tr>\n\t\t\t\t<tr class=\"second\">\n\t\t\t\t\t<td><span class=\"time\"><\/span><\/td>\n\t\t\t\t\t<td><div class=\"details\"><\/div><\/td>\n\t\t\t\t\t<td class=\"where\">\n\t\t\t\t\t\t<a href=\"https:\/\/jgtt.cz\/en\">Jazz Goes To Town Festival<\/a><\/span>\n\t\t\t\t\t\tHradec Kr\u00e1lov\u00e9,  Hradec Kr\u00e1lov\u00e9,  Czech Republic\t\t\t\t\t<\/td>\n\t\t\t\t<\/tr>\n\n\t\t        \t\t  <\/table>\n\t\t\n<p>&nbsp;<\/p>\n<p>New CD !!!<\/p>\n<p><img decoding=\"async\" loading=\"lazy\" class=\"size-medium wp-image-9683 alignleft\" src=\"http:\/\/gratkowski.com\/wordpress\/wp-content\/uploads\/2025\/12\/In-cahoots-CD-C-over-300x300.jpg\" alt=\"\" width=\"300\" height=\"300\" srcset=\"https:\/\/gratkowski.com\/wordpress\/wp-content\/uploads\/2025\/12\/In-cahoots-CD-C-over-300x300.jpg 300w, https:\/\/gratkowski.com\/wordpress\/wp-content\/uploads\/2025\/12\/In-cahoots-CD-C-over-150x150.jpg 150w, https:\/\/gratkowski.com\/wordpress\/wp-content\/uploads\/2025\/12\/In-cahoots-CD-C-over.jpg 700w\" sizes=\"(max-width: 300px) 100vw, 300px\" \/><\/p>\n<p style=\"text-align: left;\">&nbsp;<\/p>\n<p>&nbsp;<\/p>\n<p>&nbsp;<\/p>\n<p>&nbsp;<\/p>\n<p>&nbsp;<\/p>\n<p>&nbsp;<\/p>\n<p>&nbsp;<\/p>\n<p>&nbsp;<\/p>\n<p>&nbsp;<\/p>\n<p>&nbsp;<\/p>\n<p><a href=\"https:\/\/klanggalerie.bandcamp.com\/album\/frank-gratkowskis-in-cahoots\">Get it here on Bandcamp<\/a><\/p>\n<p>&nbsp;<\/p>\n<p>&nbsp;<\/p>\n<p><strong>Torbid Daylight critic<\/strong><\/p>\n<p>Gratkowski \/ Zoubek \/ Landfermann \/ Mahnig \u2013 Torbid Daylight (IMPAKT K\u00f6ln, 2020)<\/p>\n<p><img decoding=\"async\" loading=\"lazy\" class=\"size-full wp-image-1477\" src=\"https:\/\/gratkowski.com\/wordpress\/wp-content\/uploads\/2021\/02\/torbid_daylight.jpg\" alt=\"\" width=\"300\" height=\"300\" srcset=\"https:\/\/gratkowski.com\/wordpress\/wp-content\/uploads\/2021\/02\/torbid_daylight.jpg 300w, https:\/\/gratkowski.com\/wordpress\/wp-content\/uploads\/2021\/02\/torbid_daylight-150x150.jpg 150w\" sizes=\"(max-width: 300px) 100vw, 300px\" \/><\/p>\n<p>Zoubek plays the piano in a quartet with Berlin-based reed player Frank Gratkowski (who teaches in a conservatory in Cologne, Zoubek and Gratkowski also collaborate in the quintet Shift), and fellow, Cologne-based, double bass player Robert Landfermann and drummer Dominik Mahnig (who also plays in Zoubek&#8217;s Trio). The quartet has performed sporadically since 2016 and its debut album was recorded at the Loft club in Cologne in February 2020. This quartet borrows guitarist-producer T-Bone Burnett\u2019s description of string theory to describe its art: \u201cBeneath the subatomic particle level, there are fibers that vibrate at different intensities. Different frequencies. Like violin strings. The physicists say that the particles we are able to see are the notes of the strings vibrating beneath them. If string theory is correct, then music is not only the way our brains work, as the neuroscientists have shown, but also, it is what we are made of, what everything is made of. These are the stakes musicians are playing for\u201d.<\/p>\n<p>The interplay of this free-improv quartet is intense, even in its most sparse and contemplative pieces, and stresses the strong-minded personalities of Gratkowski, Zoubek, Landfermann and Mahnig. Gratkowski is the natural leader of the quartet, even though all the pieces are credited to the four musicians, and he often sets the uncompromising, energetic tone and uncompromising course of the pieces. But Zoubek, Landfermann and Mahnig are ready for this roller coaster challenge. Zoubek shines on \u201cFirst Echo&#8220;,where he takes the quartet into a series of poetic and lyrical conversations. He balances Gratkowski\u2019s furious and muscular energy with elegant and playful gestures, especially on the last piece, the explosive \u201cCatalyst&#8220; and the hidden, untitled piece, both demonstrate the strong, vibrating fibers that connect this quartet.<\/p>\n<p><a href=\"https:\/\/www.freejazzblog.org\/2021\/07\/recent-releases-from-pianist-philip.html\">freejazzblock.org<\/a><br \/>\nBy Eyal Hareuveni July 2021<\/p>\n<hr>\n<p>The best free improvisation springs from elevated listening, quicksilver reaction, and a touch of telepathy. First-time encounters can be exciting, but too often politeness gets in the way of unfettered interaction. That\u2019s part of the reason why the improvising quartet of pianist Philip Zoubek, reedist Frank Gratkowski, double bassist Robert Landfermann, and drummer Dominik Mahning delivers such deep music. As heard on the group\u2019s 2020 album Torbid Daylight the musicians possess boundless trust with one another, providing a platform where anything can happen. While Gratkowski lives in Berlin, the others are part of the thriving Cologne scene, where the borders between free jazz and contemporary music have become increasingly porous. Most of the musicians are experienced bandleaders, and while they routinely display fiery confidence in their chance-taking, each participant has even more palpable understanding of working as part of an ensemble. There are no hierarchies, glib licks, or moments of meandering. Instead, the quartet members are spontaneous sound sculptors, anticipating, responding, and building with independence and cooperation. The quartet first worked together in 2016, and over the last six years its performances\u2014to say nothing of connections they\u2019ve strengthened with one another through other contexts \u2014it has found a sweet spot between familiarity and discovery.<\/p>\n<p>Peter Margasek<\/p>","protected":false},"excerpt":{"rendered":"<p>Frank Gratkowski \u2013 woodwinds and composition Ingrid Laubrock \u2013 tenor and soprano saxophone Philip Zoubek \u2013 piano, synthesizer Robert Landfermann \u2013 bass Dominik Mahnig \u2013 drums Das Quartett Gratkowski-Zoubek-Landfermann-Mahnig spielte gr\u00fcndete sich 2016 und spielte seitdem frei improvisierte Musik. 2020 ver\u00f6ffentlichte sie Band die CD &#8222;Torbid Daylight&#8220;. Nun spielt die Formation unter dem Namen &#8222;In [&hellip;]<\/p>\n","protected":false},"author":1,"featured_media":0,"parent":20,"menu_order":0,"comment_status":"closed","ping_status":"closed","template":"","meta":{"ngg_post_thumbnail":0},"acf":[],"_links":{"self":[{"href":"https:\/\/gratkowski.com\/de\/wp-json\/wp\/v2\/pages\/2045"}],"collection":[{"href":"https:\/\/gratkowski.com\/de\/wp-json\/wp\/v2\/pages"}],"about":[{"href":"https:\/\/gratkowski.com\/de\/wp-json\/wp\/v2\/types\/page"}],"author":[{"embeddable":true,"href":"https:\/\/gratkowski.com\/de\/wp-json\/wp\/v2\/users\/1"}],"replies":[{"embeddable":true,"href":"https:\/\/gratkowski.com\/de\/wp-json\/wp\/v2\/comments?post=2045"}],"version-history":[{"count":30,"href":"https:\/\/gratkowski.com\/de\/wp-json\/wp\/v2\/pages\/2045\/revisions"}],"predecessor-version":[{"id":9685,"href":"https:\/\/gratkowski.com\/de\/wp-json\/wp\/v2\/pages\/2045\/revisions\/9685"}],"up":[{"embeddable":true,"href":"https:\/\/gratkowski.com\/de\/wp-json\/wp\/v2\/pages\/20"}],"wp:attachment":[{"href":"https:\/\/gratkowski.com\/de\/wp-json\/wp\/v2\/media?parent=2045"}],"curies":[{"name":"wp","href":"https:\/\/api.w.org\/{rel}","templated":true}]}}