{"id":284,"date":"2012-08-02T14:14:55","date_gmt":"2012-08-02T14:14:55","guid":{"rendered":"https:\/\/gratkowski.com\/wordpress\/?page_id=284"},"modified":"2019-05-16T15:47:06","modified_gmt":"2019-05-16T13:47:06","slug":"frank-gratkowski-quartet","status":"publish","type":"page","link":"http:\/\/gratkowski.com\/de\/projects\/frank-gratkowski-quartet\/","title":{"rendered":"Frank Gratkowski Quartet"},"content":{"rendered":"<p><strong><a href=\"https:\/\/gratkowski.com\/wordpress\/\">Frank Gratkowski<\/a>&nbsp;<\/strong>(D) as, cl, bcl, cbcl, comp.<\/p>\n<p><a href=\"http:\/\/www.wolterwierbos.nl\/\" target=\"_blank\" rel=\"noopener noreferrer\">Wolter Wierbos<\/a>&nbsp;(NL) trombone<\/p>\n<p><a href=\"http:\/\/dimand.de\/\" target=\"_blank\" rel=\"noopener noreferrer\">Dieter Manderscheid<\/a>&nbsp;(D) bass<\/p>\n<p><a href=\"http:\/\/www.gerryhemingway.com\/bio.html\" target=\"_blank\" rel=\"noopener noreferrer\">Gerry Hemingway<\/a>&nbsp;(USA) drums<\/p>\n<div title=\"Page 1\">\n<div>\n<div>\n<p>Mit der Trioformation mit Dieter Manderscheid und Gerry Hemingway habe ich 1995 eine lange ersehnte Idee realisiert, nachdem ich mit beiden Musikern diverse Konzerte in unterschiedlichsten Formationen gegeben habe (u.a. Grubenklang Orchester und Klaus K\u00f6nig Orchester). Seit 2000 ist das Trio, durch den holl\u00e4ndischen Posaunisten Wolter Wierbos, zum Quartett erweitert. Die Musik des Ensembles stellt sich zur Aufgabe, eine Synthese von Komposition und Improvisation zu schaffen in der alle Instrumente eine gleichberechtigte Funktion einnehmen und ein in sich geschlossenes Ganzes bilden.<\/p>\n<p>&nbsp;<\/p>\n<\/div>\n<h3>Konzerte<\/h3>\nIm Moment keine Konzerte angek\u00fcndigt.\n<p>&nbsp;<\/p>\n<\/div>\n<\/div>\n<h3>Trio CDs<\/h3>\n<p><a title=\"Frank Gratkowski Trio \u201cGestalten\u201d\" href=\"https:\/\/gratkowski.com\/wordpress\/recordings\/frank-gratkowski-trio-gestalten\/\">&#8222;Gestalten&#8220;<\/a>&nbsp;1996 (Jazzhausmusik)<\/p>\n<p><a title=\"Frank Gratkowski Trio \u201cThe Flume Factor\u201d\" href=\"https:\/\/gratkowski.com\/wordpress\/recordings\/frank-gratkowski-trio-the-flume-factor\/\">&#8222;The Flume Factor&#8220;<\/a>&nbsp;1998 (random acoustics)<\/p>\n<h3>Quartet CDs<\/h3>\n<p><a title=\"Kollaps\" href=\"https:\/\/gratkowski.com\/wordpress\/recordings\/kollaps\/\">&#8222;Kollaps&#8220;<\/a>&nbsp;2001 (Red Toucan Records)<\/p>\n<p><a title=\"Spectral Reflections\" href=\"https:\/\/gratkowski.com\/wordpress\/recordings\/spectral-reflections\/\">&#8222;Spectral Reflections&#8220;<\/a>&nbsp;2003 (Leo Records)<\/p>\n<p><a title=\"Facio\" href=\"https:\/\/gratkowski.com\/wordpress\/recordings\/facio\/\">&#8222;Facio&#8220;<\/a>&nbsp;2004 (Leo Records)<\/p>\n<p><a title=\"Frank Gratkowski Quartet \u201cle vent et la gorge\u201d\" href=\"https:\/\/gratkowski.com\/wordpress\/recordings\/frank-gratkowski-quartet-le-vent-et-la-gorge\/\">&#8222;Le Vent et la Gorge&#8220;<\/a>&nbsp;2012 (Leo Records)<\/p>\n<h3>Reviews<\/h3>\n<p><a href=\"https:\/\/gratkowski.com\/wordpress\/quartet_kritiken_trio_e.html\" target=\"_blank\" rel=\"noopener noreferrer\">Two Trio reviews from the Europe Tour in 1997<\/a><\/p>\n<p><a href=\"https:\/\/gratkowski.com\/wordpress\/ReviewTonicNewYork01.html\" target=\"_blank\" rel=\"noopener noreferrer\">Trio at the &#8218;Tonic&#8216; in New York City in October 2001<\/a><\/p>\n<p><a href=\"https:\/\/gratkowski.com\/wordpress\/quartet_reviews\/quartet_venezia.html\" target=\"_blank\" rel=\"noopener noreferrer\">Quartet in Venice, Italy (November 2001)<\/a><\/p>\n<p>&#8222;Zum Abschluss musizierte das Frank Gratkowski Quartett. Dieses gilt es zu preisen. Posaunist Wolter Wierbos, Kontrabassist Dieter Manderscheid, Schlagzeuger Gerry Hemingway und der Altsaxofon wie Klarinette spielende Chef brachen mit unverderblichem Free-Spiel ungest\u00fcm hervor. Ereignisse zwischen Kollektivit\u00e4t und Befreiung, Konstruktionen samt Farbkr\u00e4ftigen Klang-Collagen und solistische Improvisation mit Erz\u00e4hlgustus. Alles t\u00f6nte kraftvoll. Das Wir und das Ich. Unverf\u00e4nglich voran und zur\u00fcck bis zum Anklang an Ornette Colemans legend\u00e4ren Vierer. Und bis zu Braxtons Wiederkehr auf das Podium zum Mitspielen. Tosender Beifall.&#8220; Robert Urmann (\u00d6sterreichischer Landeskulturbericht Linz) 2004<\/p>","protected":false},"excerpt":{"rendered":"<p>Frank Gratkowski&nbsp;(D) as, cl, bcl, cbcl, comp. Wolter Wierbos&nbsp;(NL) trombone Dieter Manderscheid&nbsp;(D) bass Gerry Hemingway&nbsp;(USA) drums Mit der Trioformation mit Dieter Manderscheid und Gerry Hemingway habe ich 1995 eine lange ersehnte Idee realisiert, nachdem ich mit beiden Musikern diverse Konzerte in unterschiedlichsten Formationen gegeben habe (u.a. Grubenklang Orchester und Klaus K\u00f6nig Orchester). Seit 2000 ist [&hellip;]<\/p>\n","protected":false},"author":1,"featured_media":0,"parent":20,"menu_order":0,"comment_status":"open","ping_status":"open","template":"","meta":{"ngg_post_thumbnail":0},"acf":[],"_links":{"self":[{"href":"http:\/\/gratkowski.com\/de\/wp-json\/wp\/v2\/pages\/284"}],"collection":[{"href":"http:\/\/gratkowski.com\/de\/wp-json\/wp\/v2\/pages"}],"about":[{"href":"http:\/\/gratkowski.com\/de\/wp-json\/wp\/v2\/types\/page"}],"author":[{"embeddable":true,"href":"http:\/\/gratkowski.com\/de\/wp-json\/wp\/v2\/users\/1"}],"replies":[{"embeddable":true,"href":"http:\/\/gratkowski.com\/de\/wp-json\/wp\/v2\/comments?post=284"}],"version-history":[{"count":18,"href":"http:\/\/gratkowski.com\/de\/wp-json\/wp\/v2\/pages\/284\/revisions"}],"predecessor-version":[{"id":1213,"href":"http:\/\/gratkowski.com\/de\/wp-json\/wp\/v2\/pages\/284\/revisions\/1213"}],"up":[{"embeddable":true,"href":"http:\/\/gratkowski.com\/de\/wp-json\/wp\/v2\/pages\/20"}],"wp:attachment":[{"href":"http:\/\/gratkowski.com\/de\/wp-json\/wp\/v2\/media?parent=284"}],"curies":[{"name":"wp","href":"https:\/\/api.w.org\/{rel}","templated":true}]}}